    {"id":982,"date":"2019-04-03T15:17:57","date_gmt":"2019-04-03T15:17:57","guid":{"rendered":"https:\/\/lenardknittedworkwear.com\/politica-de-cookies\/"},"modified":"2019-04-03T15:45:49","modified_gmt":"2019-04-03T15:45:49","slug":"politique-dutilisation-des-cookies","status":"publish","type":"page","link":"https:\/\/lenardknittedworkwear.com\/fr\/politique-dutilisation-des-cookies\/","title":{"rendered":"Politique d\u2019utilisation des cookies"},"content":{"rendered":"<h2>Qu\u2019est-ce qu\u2019un cookie ?<\/h2>\n<p>Un cookie est un fichier ou dispositif qui est t\u00e9l\u00e9charg\u00e9 sur le terminal de l\u2019utilisateur afin de stocker des donn\u00e9es qui pourront \u00eatre utilis\u00e9es et r\u00e9cup\u00e9r\u00e9es par l\u2019entit\u00e9 responsable de son installation. Autrement dit, il s\u2019agit d\u2019un fichier qui est t\u00e9l\u00e9charg\u00e9 sur votre ordinateur lorsque vous acc\u00e9dez \u00e0 des pages web d\u00e9finies. Les cookies permettent notamment \u00e0 une page web de stocker et de r\u00e9cup\u00e9rer des informations concernant les habitudes de navigation d\u2019un utilisateur ou de son \u00e9quipement et, selon les informations contenues et la fa\u00e7on dont il utilise son \u00e9quipement, elles peuvent \u00eatre utilis\u00e9es pour reconnaitre l\u2019utilisateur.<\/p>\n<p>Leurs principales fonctions sont\u00a0:<\/p>\n<ul>\n<li>R\u00e9aliser le contr\u00f4le des utilisateurs\u00a0: lorsque l\u2019utilisateur introduit son identifiant et son mot de passe, un cookie est stock\u00e9 afin qu\u2019il n\u2019ait pas besoin de l\u2019introduire pour chaque page du serveur. N\u00e9anmoins, un cookie n\u2019identifie pas seulement une personne, mais une combinaison d\u2019ordinateur-navigateur-utilisateur.<\/li>\n<li>Obtenir des informations concernant les habitudes de navigation de l\u2019utilisateur, et les tentatives de spyware (programmes espions), de la part d\u2019agences de publicit\u00e9 et autres. Cela peut entrainer des probl\u00e8mes de confidentialit\u00e9, c\u2019est pourquoi les cookies ont leurs d\u00e9tracteurs.<\/li>\n<\/ul>\n<p>&nbsp;<\/p>\n<p>Il existe diff\u00e9rents types de cookies, surtout selon l&#8217;objectif pour lequel ils sont utilis\u00e9s, ainsi nous pouvons distinguer entre autres les cookies suivants\u00a0:<\/p>\n<p>Cookies d\u2019analyse\u00a0: ces cookies sont utilis\u00e9s pour r\u00e9aliser une analyse des comportements et des actions des utilisateurs de la page web ainsi que pour \u00e9tablir des profils de navigation afin de r\u00e9aliser des am\u00e9liorations techniques du fonctionnement et du service.<\/p>\n<p>Cookies publicitaires\u00a0: ils permettent une gestion efficace des espaces publicitaires sur la base de toute une s\u00e9rie de crit\u00e8res, par exemple, de v\u00e9rifier si l\u2019utilisateur a d\u00e9j\u00e0 eu acc\u00e8s \u00e0 une nouvelle ou non, pour proc\u00e9der \u00e0 son actualisation avec une autre nouvelle.<\/p>\n<p>Cookies de publicit\u00e9 comportementale\u00a0: ces cookies se chargent de stocker des informations concernant le propre comportement des utilisateurs en se concentrant sur leurs habitudes de navigation. Cela permet d&#8217;\u00e9tablir des profils d\u2019utilisateur en fonction de leur comportement et de les utiliser pour personnaliser la publicit\u00e9 pr\u00e9sent\u00e9e.<\/p>\n<p>Si l\u2019utilisateur souhaite obtenir plus d\u2019informations concernant les cookies, il peut consulter le site web suivant\u00a0: <a href=\"http:\/\/www.aboutcookies.org\/\">http:\/\/www.aboutcookies.org\/<\/a>.<\/p>\n<h2>Quel types de cookies utilise cette page web?<\/h2>\n<p>&nbsp;<\/p>\n<p>La pr\u00e9sente page web utilise des cookies qui permettent d\u2019en faciliter l\u2019utilisation et la navigation pour l\u2019utilisateur, de garantir l\u2019acc\u00e8s \u00e0 des services d\u00e9finis, ainsi que d\u2019am\u00e9liorer la configuration fonctionnelle du site web.<\/p>\n<p>Concr\u00e8tement, la page web utilise les cookies suivants\u00a0:<\/p>\n<p>&nbsp;<\/p>\n<table width=\"100%\">\n<tbody>\n<tr>\n<td colspan=\"4\" width=\"567\"><strong>R\u00e9sum\u00e9 des cookies<\/strong><\/td>\n<\/tr>\n<tr>\n<td width=\"125\">Type<\/td>\n<td width=\"139\">Nom<\/td>\n<td width=\"158\">De session\/Persistants<\/td>\n<td width=\"144\">Propres\/De tiers<\/td>\n<\/tr>\n<tr>\n<td width=\"125\">D\u2019analyse<\/td>\n<td width=\"139\">Google Analytics<\/td>\n<td width=\"158\">De session<\/td>\n<td width=\"144\">De tiers<\/td>\n<\/tr>\n<\/tbody>\n<\/table>\n<p>&nbsp;<\/p>\n<p><strong>Comment g\u00e9rer la configuration des cookies ?<\/strong><\/p>\n<p>Dans le pr\u00e9sent paragraphe, nous r\u00e9alisons un bref expos\u00e9 de la fa\u00e7on de consulter et de modifier la configuration du syst\u00e8me d\u2019utilisation des cookies selon les navigateurs les plus communs ou les plus utilis\u00e9s par les utilisateurs.<\/p>\n<p>Dans ce sens, presque tous les navigateurs permettent \u00e0 l\u2019utilisateur d\u2019obtenir des informations g\u00e9n\u00e9rales sur les cookies contenus sur une page web et, concr\u00e8tement, d\u2019en v\u00e9rifier l\u2019existence, la dur\u00e9e ou le syst\u00e8me de suppression. A cet effet, \u00e0 titre informatif, nous vous fournissons toute une s\u00e9rie de liens \u00e0 ce sujet\u00a0:<\/p>\n<ul>\n<li><a href=\"https:\/\/support.google.com\/chrome\/answer\/95647?hl=es\">Google Chrome<\/a><\/li>\n<li><a href=\"https:\/\/support.mozilla.org\/es\/kb\/cookies-informacion-que-los-sitios-web-guardan-en-\">Mozilla Firefox<\/a><\/li>\n<li><a href=\"http:\/\/windows.microsoft.com\/es-es\/windows7\/how-to-manage-cookies-in-internet-explorer-9\">Internet Explorer<\/a><\/li>\n<\/ul>\n<p>D\u2019autre part, l\u2019utilisateur pourra autoriser, bloquer ou supprimer les cookies install\u00e9s sur son \u00e9quipement en modifiant la configuration de son navigateur conform\u00e9ment aux instructions qu\u2019ils contient. A titre informatif, nous vous indiquons qu\u2019habituellement, la configuration des cookies peut \u00eatre modifi\u00e9e dans le menu \u00ab\u00a0Pr\u00e9f\u00e9rences\u00a0\u00bb ou \u00ab\u00a0Outils\u00a0\u00bb de chaque navigateur. Dans tous les cas, nous pourrons toujours vous venir en aide, en ce qui concerne votre navigateur, pour r\u00e9soudre ou r\u00e9gler des questions qui surviendraient \u00e0 ce sujet.<\/p>\n<p>Il convient de prendre en compte que, si vous refusez l\u2019installation de tous les cookies, le contenu de la page web ainsi que les fonctionnalit\u00e9s d\u00e9finies et les services qu\u2019elle propose peuvent en \u00eatre affect\u00e9s.<\/p>\n","protected":false},"excerpt":{"rendered":"<p>Qu\u2019est-ce qu\u2019un cookie ? Un cookie est un fichier ou dispositif qui est t\u00e9l\u00e9charg\u00e9 sur le terminal de l\u2019utilisateur afin de stocker des donn\u00e9es qui pourront \u00eatre utilis\u00e9es et r\u00e9cup\u00e9r\u00e9es&#8230;<\/p>\n","protected":false},"author":1,"featured_media":0,"parent":0,"menu_order":0,"comment_status":"closed","ping_status":"open","template":"","meta":[],"_links":{"self":[{"href":"https:\/\/lenardknittedworkwear.com\/fr\/wp-json\/wp\/v2\/pages\/982\/"}],"collection":[{"href":"https:\/\/lenardknittedworkwear.com\/fr\/wp-json\/wp\/v2\/pages\/"}],"about":[{"href":"https:\/\/lenardknittedworkwear.com\/fr\/wp-json\/wp\/v2\/types\/page\/"}],"author":[{"embeddable":true,"href":"https:\/\/lenardknittedworkwear.com\/fr\/wp-json\/wp\/v2\/users\/1\/"}],"replies":[{"embeddable":true,"href":"https:\/\/lenardknittedworkwear.com\/fr\/wp-json\/wp\/v2\/comments\/?post=982"}],"version-history":[{"count":4,"href":"https:\/\/lenardknittedworkwear.com\/fr\/wp-json\/wp\/v2\/pages\/982\/revisions\/"}],"predecessor-version":[{"id":990,"href":"https:\/\/lenardknittedworkwear.com\/fr\/wp-json\/wp\/v2\/pages\/982\/revisions\/990\/"}],"wp:attachment":[{"href":"https:\/\/lenardknittedworkwear.com\/fr\/wp-json\/wp\/v2\/media\/?parent=982"}],"curies":[{"name":"wp","href":"https:\/\/api.w.org\/{rel}","templated":true}]}}