    {"id":728,"date":"2019-02-25T17:37:02","date_gmt":"2019-02-25T17:37:02","guid":{"rendered":"https:\/\/lenardknittedworkwear.com\/complementos\/"},"modified":"2020-12-16T06:11:45","modified_gmt":"2020-12-16T06:11:45","slug":"accessoires","status":"publish","type":"page","link":"https:\/\/lenardknittedworkwear.com\/fr\/accessoires\/","title":{"rendered":"Accessoires"},"content":{"rendered":"[vc_row type=&#8221;full_width_content&#8221; full_screen_row_position=&#8221;full_height&#8221; column_margin=&#8221;default&#8221; equal_height=&#8221;yes&#8221; column_direction=&#8221;default&#8221; column_direction_tablet=&#8221;default&#8221; column_direction_phone=&#8221;default&#8221; scene_position=&#8221;center&#8221; text_color=&#8221;light&#8221; text_align=&#8221;left&#8221; row_border_radius=&#8221;none&#8221; row_border_radius_applies=&#8221;bg&#8221; id=&#8221;Tienda&#8221; row_name=&#8221;Tienda&#8221; overlay_strength=&#8221;0.3&#8243; gradient_direction=&#8221;left_to_right&#8221; shape_divider_position=&#8221;bottom&#8221; bg_image_animation=&#8221;none&#8221; shape_type=&#8221;&#8221;][vc_column column_padding=&#8221;no-extra-padding&#8221; column_padding_tablet=&#8221;inherit&#8221; column_padding_phone=&#8221;inherit&#8221; column_padding_position=&#8221;all&#8221; background_color_opacity=&#8221;1&#8243; background_hover_color_opacity=&#8221;1&#8243; column_shadow=&#8221;none&#8221; column_border_radius=&#8221;none&#8221; column_link_target=&#8221;_self&#8221; gradient_direction=&#8221;left_to_right&#8221; overlay_strength=&#8221;0.3&#8243; width=&#8221;1\/2&#8243; tablet_width_inherit=&#8221;default&#8221; tablet_text_alignment=&#8221;default&#8221; phone_text_alignment=&#8221;default&#8221; column_border_width=&#8221;none&#8221; column_border_style=&#8221;solid&#8221; bg_image_animation=&#8221;none&#8221;][vc_row_inner column_margin=&#8221;default&#8221; column_direction=&#8221;default&#8221; column_direction_tablet=&#8221;default&#8221; column_direction_phone=&#8221;default&#8221; text_align=&#8221;left&#8221; css=&#8221;.vc_custom_1549873326718{background-image: url(http:\/\/lenardknittedworkwear.com\/wp-content\/uploads\/2019\/02\/orange_petit.png?id=477) !important;}&#8221;][vc_column_inner column_padding=&#8221;padding-8-percent&#8221; column_padding_tablet=&#8221;inherit&#8221; column_padding_phone=&#8221;inherit&#8221; column_padding_position=&#8221;all&#8221; background_color_opacity=&#8221;1&#8243; background_hover_color_opacity=&#8221;1&#8243; background_image=&#8221;1726&#8243; background_image_position=&#8221;center center&#8221; column_shadow=&#8221;none&#8221; column_border_radius=&#8221;none&#8221; column_link_target=&#8221;_self&#8221; gradient_direction=&#8221;left_to_right&#8221; overlay_strength=&#8221;0.3&#8243; width=&#8221;1\/1&#8243; tablet_width_inherit=&#8221;default&#8221; column_border_width=&#8221;none&#8221; column_border_style=&#8221;solid&#8221; bg_image_animation=&#8221;none&#8221;][divider line_type=&#8221;No Line&#8221; custom_height=&#8221;20&#8243;][vc_column_text]\n<h3>Chaussettes<\/h3>\n<p>Le toucher agr\u00e9able et la protection se trouvent aussi<br \/>\ndans les accessoires tels que les chaussettes,<br \/>\nune pi\u00e8ce indispensable avec des chaussures,<br \/>\nafin de prot\u00e9ger les pieds gr\u00e2ce \u00e0 leur fabrication en<br \/>\nfil ignifuge et protecteur contre les charges \u00e9lectrostatiques.[\/vc_column_text][nectar_btn size=&#8221;medium&#8221; open_new_tab=&#8221;true&#8221; button_style=&#8221;see-through-3d&#8221; color_override=&#8221;#ffffff&#8221; url=&#8221;https:\/\/lenardknittedworkwear.com\/wp-content\/uploads\/2019\/10\/SOCKS-EN.pdf&#8221; text=&#8221;Voir fiche technique&#8221; margin_top=&#8221;20&#8243;][divider line_type=&#8221;No Line&#8221; custom_height=&#8221;20&#8243;][\/vc_column_inner][\/vc_row_inner][\/vc_column][vc_column column_padding=&#8221;no-extra-padding&#8221; column_padding_tablet=&#8221;inherit&#8221; column_padding_phone=&#8221;inherit&#8221; column_padding_position=&#8221;all&#8221; background_color_opacity=&#8221;1&#8243; background_hover_color_opacity=&#8221;1&#8243; column_shadow=&#8221;none&#8221; column_border_radius=&#8221;none&#8221; column_link_target=&#8221;_self&#8221; gradient_direction=&#8221;left_to_right&#8221; overlay_strength=&#8221;0.3&#8243; width=&#8221;1\/2&#8243; tablet_width_inherit=&#8221;default&#8221; tablet_text_alignment=&#8221;default&#8221; phone_text_alignment=&#8221;default&#8221; column_border_width=&#8221;none&#8221; column_border_style=&#8221;solid&#8221; bg_image_animation=&#8221;none&#8221;][vc_row_inner column_margin=&#8221;default&#8221; column_direction=&#8221;default&#8221; column_direction_tablet=&#8221;default&#8221; column_direction_phone=&#8221;default&#8221; text_align=&#8221;left&#8221; css=&#8221;.vc_custom_1549873326718{background-image: url(http:\/\/lenardknittedworkwear.com\/wp-content\/uploads\/2019\/02\/orange_petit.png?id=477) !important;}&#8221;][vc_column_inner column_padding=&#8221;padding-8-percent&#8221; column_padding_tablet=&#8221;inherit&#8221; column_padding_phone=&#8221;inherit&#8221; column_padding_position=&#8221;all&#8221; background_color_opacity=&#8221;1&#8243; background_hover_color_opacity=&#8221;1&#8243; background_image=&#8221;1739&#8243; background_image_position=&#8221;center center&#8221; column_shadow=&#8221;none&#8221; column_border_radius=&#8221;none&#8221; column_link_target=&#8221;_self&#8221; gradient_direction=&#8221;left_to_right&#8221; overlay_strength=&#8221;0.3&#8243; width=&#8221;1\/1&#8243; tablet_width_inherit=&#8221;default&#8221; column_border_width=&#8221;none&#8221; column_border_style=&#8221;solid&#8221; bg_image_animation=&#8221;none&#8221;][divider line_type=&#8221;No Line&#8221; custom_height=&#8221;20&#8243;][vc_column_text]\n<h3>Snood<\/h3>\n<p>Confort maximal et protection du<br \/>\ntravailleur face \u00e0 l&#8217;exposition au<br \/>\nfeu et aux charges \u00e9lectrostatiques<br \/>\nau niveau du cou.[\/vc_column_text][nectar_btn size=&#8221;medium&#8221; open_new_tab=&#8221;true&#8221; button_style=&#8221;see-through-3d&#8221; color_override=&#8221;#ffffff&#8221; url=&#8221;https:\/\/lenardknittedworkwear.com\/wp-content\/uploads\/2020\/07\/ENG_Snood.pdf&#8221; text=&#8221;Voir fiche technique&#8221; margin_top=&#8221;20&#8243;][divider line_type=&#8221;No Line&#8221; custom_height=&#8221;20&#8243;][\/vc_column_inner][\/vc_row_inner][\/vc_column][\/vc_row][vc_row type=&#8221;full_width_content&#8221; full_screen_row_position=&#8221;full_height&#8221; column_margin=&#8221;default&#8221; equal_height=&#8221;yes&#8221; column_direction=&#8221;default&#8221; column_direction_tablet=&#8221;default&#8221; column_direction_phone=&#8221;default&#8221; scene_position=&#8221;center&#8221; text_color=&#8221;light&#8221; text_align=&#8221;left&#8221; row_border_radius=&#8221;none&#8221; row_border_radius_applies=&#8221;bg&#8221; id=&#8221;Tienda&#8221; row_name=&#8221;Tienda&#8221; overlay_strength=&#8221;0.3&#8243; gradient_direction=&#8221;left_to_right&#8221; shape_divider_position=&#8221;bottom&#8221; bg_image_animation=&#8221;none&#8221; shape_type=&#8221;&#8221;][vc_column column_padding=&#8221;no-extra-padding&#8221; column_padding_tablet=&#8221;inherit&#8221; column_padding_phone=&#8221;inherit&#8221; column_padding_position=&#8221;all&#8221; background_color_opacity=&#8221;1&#8243; background_hover_color_opacity=&#8221;1&#8243; column_shadow=&#8221;none&#8221; column_border_radius=&#8221;none&#8221; column_link_target=&#8221;_self&#8221; gradient_direction=&#8221;left_to_right&#8221; overlay_strength=&#8221;0.3&#8243; width=&#8221;1\/2&#8243; tablet_width_inherit=&#8221;default&#8221; tablet_text_alignment=&#8221;default&#8221; phone_text_alignment=&#8221;default&#8221; column_border_width=&#8221;none&#8221; column_border_style=&#8221;solid&#8221; bg_image_animation=&#8221;none&#8221;][vc_row_inner column_margin=&#8221;default&#8221; column_direction=&#8221;default&#8221; column_direction_tablet=&#8221;default&#8221; column_direction_phone=&#8221;default&#8221; text_align=&#8221;left&#8221; css=&#8221;.vc_custom_1549873326718{background-image: url(http:\/\/lenardknittedworkwear.com\/wp-content\/uploads\/2019\/02\/orange_petit.png?id=477) !important;}&#8221;][vc_column_inner column_padding=&#8221;padding-8-percent&#8221; column_padding_tablet=&#8221;inherit&#8221; column_padding_phone=&#8221;inherit&#8221; column_padding_position=&#8221;all&#8221; background_color_opacity=&#8221;1&#8243; background_hover_color_opacity=&#8221;1&#8243; background_image=&#8221;1743&#8243; background_image_position=&#8221;center center&#8221; column_shadow=&#8221;none&#8221; column_border_radius=&#8221;none&#8221; column_link_target=&#8221;_self&#8221; gradient_direction=&#8221;left_to_right&#8221; overlay_strength=&#8221;0.3&#8243; width=&#8221;1\/1&#8243; tablet_width_inherit=&#8221;default&#8221; column_border_width=&#8221;none&#8221; column_border_style=&#8221;solid&#8221; bg_image_animation=&#8221;none&#8221;][divider line_type=&#8221;No Line&#8221; custom_height=&#8221;20&#8243;][vc_column_text]\n<h3>Cagoule<\/h3>\n<p>Une pi\u00e8ce l\u00e9g\u00e8re et confortable qui offre<br \/>\nune protection suppl\u00e9mentaire \u00e0 la t\u00eate,<br \/>\ngr\u00e2ce \u00e0 la maille compos\u00e9e de coton, d\u2019acrylique modifi\u00e9e,<br \/>\nde viscose et de fibres antistatiques. La cagoule Lenard prot\u00e8ge<br \/>\nle travailleur de l\u2019exposition au feu, aux flammes et<br \/>\naux charges \u00e9lectrostatiques.[\/vc_column_text][nectar_btn size=&#8221;medium&#8221; open_new_tab=&#8221;true&#8221; button_style=&#8221;see-through-3d&#8221; color_override=&#8221;#ffffff&#8221; url=&#8221;https:\/\/lenardknittedworkwear.com\/wp-content\/uploads\/2019\/10\/BALACLAVA-EN.pdf&#8221; text=&#8221;Voir fiche technique&#8221; margin_top=&#8221;20&#8243;][divider line_type=&#8221;No Line&#8221; custom_height=&#8221;20&#8243;][\/vc_column_inner][\/vc_row_inner][\/vc_column][vc_column column_padding=&#8221;no-extra-padding&#8221; column_padding_tablet=&#8221;inherit&#8221; column_padding_phone=&#8221;inherit&#8221; column_padding_position=&#8221;all&#8221; background_color_opacity=&#8221;1&#8243; background_hover_color_opacity=&#8221;1&#8243; column_shadow=&#8221;none&#8221; column_border_radius=&#8221;none&#8221; column_link_target=&#8221;_self&#8221; gradient_direction=&#8221;left_to_right&#8221; overlay_strength=&#8221;0.3&#8243; width=&#8221;1\/2&#8243; tablet_width_inherit=&#8221;default&#8221; tablet_text_alignment=&#8221;default&#8221; phone_text_alignment=&#8221;default&#8221; column_border_width=&#8221;none&#8221; column_border_style=&#8221;solid&#8221; bg_image_animation=&#8221;none&#8221;][vc_row_inner column_margin=&#8221;default&#8221; column_direction=&#8221;default&#8221; column_direction_tablet=&#8221;default&#8221; column_direction_phone=&#8221;default&#8221; text_align=&#8221;left&#8221; css=&#8221;.vc_custom_1549873326718{background-image: url(http:\/\/lenardknittedworkwear.com\/wp-content\/uploads\/2019\/02\/orange_petit.png?id=477) !important;}&#8221;][vc_column_inner column_padding=&#8221;padding-8-percent&#8221; column_padding_tablet=&#8221;inherit&#8221; column_padding_phone=&#8221;inherit&#8221; column_padding_position=&#8221;all&#8221; background_color_opacity=&#8221;1&#8243; background_hover_color_opacity=&#8221;1&#8243; background_image=&#8221;1747&#8243; background_image_position=&#8221;center center&#8221; column_shadow=&#8221;none&#8221; column_border_radius=&#8221;none&#8221; column_link_target=&#8221;_self&#8221; gradient_direction=&#8221;left_to_right&#8221; overlay_strength=&#8221;0.3&#8243; width=&#8221;1\/1&#8243; tablet_width_inherit=&#8221;default&#8221; column_border_width=&#8221;none&#8221; column_border_style=&#8221;solid&#8221; bg_image_animation=&#8221;none&#8221;][divider line_type=&#8221;No Line&#8221; custom_height=&#8221;20&#8243;][vc_column_text]\n<h3><span style=\"color: #000000;\">Polar Snood<\/span><\/h3>\n<p><span style=\"color: #000000;\">Protection face au froid. Polar Snood<\/span><br \/>\n<span style=\"color: #000000;\">de Lenard a les m\u00eames caract\u00e9ristiques que le<\/span><br \/>\n<span style=\"color: #000000;\">Snood (antistatique et ignifuge permanent).<\/span><br \/>\n<span style=\"color: #000000;\">De plus il se compose d&#8217;une partie en tissu polaire<\/span><br \/>\n<span style=\"color: #000000;\">qui permet de se prot\u00e9ger dans des environnements froids.<\/span>[\/vc_column_text][nectar_btn size=&#8221;medium&#8221; open_new_tab=&#8221;true&#8221; button_style=&#8221;see-through-3d&#8221; color_override=&#8221;#000000&#8243; url=&#8221;https:\/\/lenardknittedworkwear.com\/wp-content\/uploads\/2020\/07\/ENG_Polar_Snood.pdf&#8221; text=&#8221;Voir fiche technique&#8221; margin_top=&#8221;20&#8243;][divider line_type=&#8221;No Line&#8221; custom_height=&#8221;20&#8243;][\/vc_column_inner][\/vc_row_inner][\/vc_column][\/vc_row][vc_row type=&#8221;full_width_content&#8221; full_screen_row_position=&#8221;full_height&#8221; column_margin=&#8221;default&#8221; equal_height=&#8221;yes&#8221; column_direction=&#8221;default&#8221; column_direction_tablet=&#8221;default&#8221; column_direction_phone=&#8221;default&#8221; scene_position=&#8221;center&#8221; text_color=&#8221;light&#8221; text_align=&#8221;left&#8221; row_border_radius=&#8221;none&#8221; row_border_radius_applies=&#8221;bg&#8221; id=&#8221;Tienda&#8221; row_name=&#8221;Tienda&#8221; overlay_strength=&#8221;0.3&#8243; gradient_direction=&#8221;left_to_right&#8221; shape_divider_position=&#8221;bottom&#8221; bg_image_animation=&#8221;none&#8221; shape_type=&#8221;&#8221;][vc_column column_padding=&#8221;no-extra-padding&#8221; column_padding_tablet=&#8221;inherit&#8221; column_padding_phone=&#8221;inherit&#8221; column_padding_position=&#8221;all&#8221; background_color_opacity=&#8221;1&#8243; background_hover_color_opacity=&#8221;1&#8243; column_shadow=&#8221;none&#8221; column_border_radius=&#8221;none&#8221; column_link_target=&#8221;_self&#8221; gradient_direction=&#8221;left_to_right&#8221; overlay_strength=&#8221;0.3&#8243; width=&#8221;1\/2&#8243; tablet_width_inherit=&#8221;default&#8221; tablet_text_alignment=&#8221;default&#8221; phone_text_alignment=&#8221;default&#8221; column_border_width=&#8221;none&#8221; column_border_style=&#8221;solid&#8221; bg_image_animation=&#8221;none&#8221;][vc_row_inner column_margin=&#8221;default&#8221; column_direction=&#8221;default&#8221; column_direction_tablet=&#8221;default&#8221; column_direction_phone=&#8221;default&#8221; text_align=&#8221;left&#8221; css=&#8221;.vc_custom_1549873326718{background-image: url(http:\/\/lenardknittedworkwear.com\/wp-content\/uploads\/2019\/02\/orange_petit.png?id=477) !important;}&#8221;][vc_column_inner column_padding=&#8221;padding-8-percent&#8221; column_padding_tablet=&#8221;inherit&#8221; column_padding_phone=&#8221;inherit&#8221; column_padding_position=&#8221;all&#8221; background_color_opacity=&#8221;1&#8243; background_hover_color_opacity=&#8221;1&#8243; background_image=&#8221;1929&#8243; background_image_position=&#8221;center center&#8221; column_shadow=&#8221;none&#8221; column_border_radius=&#8221;none&#8221; column_link_target=&#8221;_self&#8221; gradient_direction=&#8221;left_to_right&#8221; overlay_strength=&#8221;0.3&#8243; width=&#8221;1\/1&#8243; tablet_width_inherit=&#8221;default&#8221; column_border_width=&#8221;none&#8221; column_border_style=&#8221;solid&#8221; bg_image_animation=&#8221;none&#8221;][divider line_type=&#8221;No Line&#8221; custom_height=&#8221;20&#8243;][divider line_type=&#8221;No Line&#8221; custom_height=&#8221;120&#8243;][vc_column_text]\n<h3>Masque Hygi\u00e9nique TecVin R\u00e9utilisable<\/h3>\n<p>Masque fabriqu\u00e9 en tissu ignifuge TecVin.[\/vc_column_text][nectar_btn size=&#8221;medium&#8221; open_new_tab=&#8221;true&#8221; button_style=&#8221;see-through-3d&#8221; color_override=&#8221;#ffffff&#8221; url=&#8221;https:\/\/lenardknittedworkwear.com\/wp-content\/uploads\/2020\/12\/fitxa_MASCARETA_HIGIENICA_TecVin_DINA5_FR.pdf&#8221; text=&#8221;Voir fiche technique&#8221; margin_top=&#8221;20&#8243;][divider line_type=&#8221;No Line&#8221; custom_height=&#8221;100&#8243;][\/vc_column_inner][\/vc_row_inner][\/vc_column][vc_column column_padding=&#8221;no-extra-padding&#8221; column_padding_tablet=&#8221;inherit&#8221; column_padding_phone=&#8221;inherit&#8221; column_padding_position=&#8221;all&#8221; background_color_opacity=&#8221;1&#8243; background_hover_color_opacity=&#8221;1&#8243; column_shadow=&#8221;none&#8221; column_border_radius=&#8221;none&#8221; column_link_target=&#8221;_self&#8221; gradient_direction=&#8221;left_to_right&#8221; overlay_strength=&#8221;0.3&#8243; width=&#8221;1\/2&#8243; tablet_width_inherit=&#8221;default&#8221; tablet_text_alignment=&#8221;default&#8221; phone_text_alignment=&#8221;default&#8221; column_border_width=&#8221;none&#8221; column_border_style=&#8221;solid&#8221; bg_image_animation=&#8221;none&#8221;][\/vc_column][\/vc_row]\n","protected":false},"excerpt":{"rendered":"<p>[vc_row type=&#8221;full_width_content&#8221; full_screen_row_position=&#8221;full_height&#8221; column_margin=&#8221;default&#8221; equal_height=&#8221;yes&#8221; column_direction=&#8221;default&#8221; column_direction_tablet=&#8221;default&#8221; column_direction_phone=&#8221;default&#8221; scene_position=&#8221;center&#8221; text_color=&#8221;light&#8221; text_align=&#8221;left&#8221; row_border_radius=&#8221;none&#8221; row_border_radius_applies=&#8221;bg&#8221; id=&#8221;Tienda&#8221; row_name=&#8221;Tienda&#8221; overlay_strength=&#8221;0.3&#8243; gradient_direction=&#8221;left_to_right&#8221; shape_divider_position=&#8221;bottom&#8221; bg_image_animation=&#8221;none&#8221; shape_type=&#8221;&#8221;][vc_column column_padding=&#8221;no-extra-padding&#8221; column_padding_tablet=&#8221;inherit&#8221; column_padding_phone=&#8221;inherit&#8221; column_padding_position=&#8221;all&#8221; background_color_opacity=&#8221;1&#8243; background_hover_color_opacity=&#8221;1&#8243; column_shadow=&#8221;none&#8221; column_border_radius=&#8221;none&#8221; column_link_target=&#8221;_self&#8221; gradient_direction=&#8221;left_to_right&#8221;&#8230;<\/p>\n","protected":false},"author":1,"featured_media":0,"parent":0,"menu_order":0,"comment_status":"closed","ping_status":"closed","template":"","meta":[],"_links":{"self":[{"href":"https:\/\/lenardknittedworkwear.com\/fr\/wp-json\/wp\/v2\/pages\/728\/"}],"collection":[{"href":"https:\/\/lenardknittedworkwear.com\/fr\/wp-json\/wp\/v2\/pages\/"}],"about":[{"href":"https:\/\/lenardknittedworkwear.com\/fr\/wp-json\/wp\/v2\/types\/page\/"}],"author":[{"embeddable":true,"href":"https:\/\/lenardknittedworkwear.com\/fr\/wp-json\/wp\/v2\/users\/1\/"}],"replies":[{"embeddable":true,"href":"https:\/\/lenardknittedworkwear.com\/fr\/wp-json\/wp\/v2\/comments\/?post=728"}],"version-history":[{"count":14,"href":"https:\/\/lenardknittedworkwear.com\/fr\/wp-json\/wp\/v2\/pages\/728\/revisions\/"}],"predecessor-version":[{"id":2120,"href":"https:\/\/lenardknittedworkwear.com\/fr\/wp-json\/wp\/v2\/pages\/728\/revisions\/2120\/"}],"wp:attachment":[{"href":"https:\/\/lenardknittedworkwear.com\/fr\/wp-json\/wp\/v2\/media\/?parent=728"}],"curies":[{"name":"wp","href":"https:\/\/api.w.org\/{rel}","templated":true}]}}