    {"id":1001,"date":"2019-04-03T15:50:37","date_gmt":"2019-04-03T15:50:37","guid":{"rendered":"https:\/\/lenardknittedworkwear.com\/aviso-legal\/"},"modified":"2019-04-03T15:59:33","modified_gmt":"2019-04-03T15:59:33","slug":"mention-legale","status":"publish","type":"page","link":"https:\/\/lenardknittedworkwear.com\/fr\/mention-legale\/","title":{"rendered":"Mention L\u00e9gale"},"content":{"rendered":"<h2><strong>Informations g\u00e9n\u00e9rales<\/strong><\/h2>\n<p>Le propri\u00e9taire du site web WWW.LENARD.TECH est LENARD BCN, S.L., d\u00e9tenteur du NIF B61223590 et dont le si\u00e8ge social se trouve Calle Avda. Arag\u00f3n, 37, 22520, FRAGA, (HUESCA, ESPAGNE). L\u2019entit\u00e9 est inscrite au Registre du Commerce avec les donn\u00e9es d\u2019inscription suivantes\u00a0: ENTREPRISE INSCRITE AU REGISTRE DU COMMERCE DE HUESCA, TOME 648, FOLIO 1, FEUILLE HU-13221.<\/p>\n<p>Afin que l\u2019utilisation du site web se conforme aux crit\u00e8res de transparence, de clart\u00e9 et de facilit\u00e9, LENARD BCN, S.L. informe l\u2019utilisateur que toute suggestion, question ou consultation sur les pr\u00e9sentes Mentions L\u00e9gales, ou tout autre document informatif, concernant le site web, sera re\u00e7ue et trait\u00e9e en contactant LENARD BCN, S.L., \u00e0 l\u2019adresse e-mail\u00a0: tarragona@lenard.tech<\/p>\n<p>&nbsp;<\/p>\n<h2><strong>\u00a0Propri\u00e9t\u00e9 intellectuelle<\/strong><\/h2>\n<p>Tous les contenus montr\u00e9s sur le pr\u00e9sent site web, particuli\u00e8rement les designs, les textes, les images, les logos, les ic\u00f4nes, les noms commerciaux, les marques ou toute autre information susceptible d\u2019\u00eatre utilis\u00e9e au niveau industriel et\/ou commercial sont prot\u00e9g\u00e9es par les droits d\u2019auteur correspondants, ne permettant pas leur reproduction, leur transmission ou l\u2019enregistrement d\u2019informations sauf exception pr\u00e9alable du propri\u00e9taire LENARD BCN, S.L. Cependant, l\u2019utilisateur pourra utiliser les informations fournies pour g\u00e9rer sa commande et les donn\u00e9es de contact correspondantes.<\/p>\n<h2><strong>Liens<\/strong><\/h2>\n<p>LENARD BCN, S.L. n\u2019assume aucune responsabilit\u00e9 en ce qui concerne les liens vers d\u2019autres sites ou d\u2019autres pages web qui, le cas \u00e9ch\u00e9ant, pourraient \u00eatre inclus sur le sien, puisqu\u2019elle ne dispose d\u2019aucun type de contr\u00f4le sur ceux-ci. Par cons\u00e9quent, l\u2019utilisateur acc\u00e8de au contenu sou sa propre responsabilit\u00e9 et selon les conditions d\u2019utilisation qui le r\u00e9gissent.<\/p>\n","protected":false},"excerpt":{"rendered":"<p>Informations g\u00e9n\u00e9rales Le propri\u00e9taire du site web WWW.LENARD.TECH est LENARD BCN, S.L., d\u00e9tenteur du NIF B61223590 et dont le si\u00e8ge social se trouve Calle Avda. Arag\u00f3n, 37, 22520, FRAGA, (HUESCA,&#8230;<\/p>\n","protected":false},"author":1,"featured_media":0,"parent":0,"menu_order":0,"comment_status":"closed","ping_status":"open","template":"","meta":[],"_links":{"self":[{"href":"https:\/\/lenardknittedworkwear.com\/fr\/wp-json\/wp\/v2\/pages\/1001\/"}],"collection":[{"href":"https:\/\/lenardknittedworkwear.com\/fr\/wp-json\/wp\/v2\/pages\/"}],"about":[{"href":"https:\/\/lenardknittedworkwear.com\/fr\/wp-json\/wp\/v2\/types\/page\/"}],"author":[{"embeddable":true,"href":"https:\/\/lenardknittedworkwear.com\/fr\/wp-json\/wp\/v2\/users\/1\/"}],"replies":[{"embeddable":true,"href":"https:\/\/lenardknittedworkwear.com\/fr\/wp-json\/wp\/v2\/comments\/?post=1001"}],"version-history":[{"count":1,"href":"https:\/\/lenardknittedworkwear.com\/fr\/wp-json\/wp\/v2\/pages\/1001\/revisions\/"}],"predecessor-version":[{"id":1005,"href":"https:\/\/lenardknittedworkwear.com\/fr\/wp-json\/wp\/v2\/pages\/1001\/revisions\/1005\/"}],"wp:attachment":[{"href":"https:\/\/lenardknittedworkwear.com\/fr\/wp-json\/wp\/v2\/media\/?parent=1001"}],"curies":[{"name":"wp","href":"https:\/\/api.w.org\/{rel}","templated":true}]}}