    {"id":999,"date":"2019-04-03T15:51:50","date_gmt":"2019-04-03T15:51:50","guid":{"rendered":"https:\/\/lenardknittedworkwear.com\/politica-de-privacidad\/"},"modified":"2019-04-03T16:07:40","modified_gmt":"2019-04-03T16:07:40","slug":"datenschutzerklaerung","status":"publish","type":"page","link":"https:\/\/lenardknittedworkwear.com\/de\/datenschutzerklaerung\/","title":{"rendered":"Datenschutzerkl\u00e4rung"},"content":{"rendered":"<h2><strong>Einleitung<\/strong><\/h2>\n<p>Diese Datenschutzerkl\u00e4rung ist unter Beachtung der Bestimmungen des geltenden Organgesetzes zum Schutz personenbezogener Daten und der Verordnung 2016\/679 des Europ\u00e4ischen Parlaments und des Rates vom 27. April 2016 zum Schutz nat\u00fcrlicher Personen bei der Verarbeitung personenbezogener Daten und zum Datenverkehr, im Folgenden DSGVO genannt, entwickelt worden.<\/p>\n<p>Diese Datenschutzerkl\u00e4rung verfolgt den Zweck, die Eigent\u00fcmer der personenbezogenen Daten, \u00fcber die Informationen zusammengetragen werden, hinsichtlich der spezifischen Aspekte der Verarbeitung ihrer Daten in Kenntnis zu setzen, unter anderem hinsichtlich der Zwecke der Verarbeitung, der Kontaktdaten zur Aus\u00fcbung ihrer Rechte, der Fristen zur Speicherung der Informationen sowie der Sicherheitsma\u00dfnahmen.<\/p>\n<p><strong>Verarbeitungsbeauftragter<\/strong><\/p>\n<p>Hinsichtlich des Datenschutzes muss LENARD BCN, S.L. als Datenverarbeitungsbeauftragter bez\u00fcglich der in dieser Richtlinie genannten Dateien\/Verarbeitungen, vor allem die im Abschnitt zur Datenverarbeitung, angesehen werden.<\/p>\n<p>Nachfolgend werden die Daten zur Identifizierung des Eigent\u00fcmers dieser Website angegeben:<\/p>\n<p>Verarbeitungsbeauftragter: LENARD BCN, S.L.<\/p>\n<p>Postanschrift: Avda. Arag\u00f3n, 37, 22520, FRAGA, (HUESCA).<\/p>\n<p>E-Mail-Adresse: tarragona@lenard.tech<\/p>\n<p><strong>\u00a0<\/strong><\/p>\n<p><strong>Verarbeitung von Daten<\/strong><\/p>\n<p>Die personenbezogenen Daten, die angefordert werden, umfassen gegebenenfalls nur diejenigen, die unbedingt notwendig sind, um die Anfrage des Eigent\u00fcmers, im Folgenden als \u201eBetroffener\u201c bezeichnet, zu erfassen und umzusetzen. Diese Informationen werden bez\u00fcglich des Betroffenen auf treue, rechtm\u00e4\u00dfige und transparent Weise verarbeitet. Des Weiteren werden personenbezogene Daten f\u00fcr bestimmte, explizite sowie rechtm\u00e4\u00dfige Zwecke erfasst und werden nicht auf eine Art und Weise verarbeitet, die nicht mit diesen Zwecken kompatibel ist.<\/p>\n<p>Die von jedem Betroffenen erfassten Daten sind angemessen, zweckm\u00e4\u00dfig und sind hinsichtlich der jeweiligen Zwecke nicht \u00fcbertrieben und werden im Bedarfsfall aktualisiert.<\/p>\n<p>Der Eigent\u00fcmer der Daten wird vor der Erfassung seiner Daten bez\u00fcglich der in dieser Richtlinie festgelegten allgemeinen Punkte in Kenntnis gesetzt, sodass er sich mit der Verarbeitung seiner Daten ausdr\u00fccklich, pr\u00e4zise und unmissverst\u00e4ndlich einverstanden erkl\u00e4ren kann.<\/p>\n<p><em>Zwecke der Verarbeitung.<\/em><\/p>\n<p>Die expliziten Zwecke, f\u00fcr die die entsprechenden Verarbeitungen durchgef\u00fchrt werden, werden in den Informationsklauseln der jeweiligen Kan\u00e4le zur Datenerfassung (Webformulare, Papierformulare, \u00c4u\u00dferungen oder Plakate sowie Informationshinweise) bestimmt.<\/p>\n<p>Dennoch werden die personenbezogenen Daten des Betroffenen ausschlie\u00dflich zu dem Zweck verarbeitet, damit ihm eine effiziente Antwort gegeben und auf die Anfragen des Nutzers eingegangen werden kann, die gemeinsam mit der Option, dem Service, dem Formular oder dem System zur Datenerfassung, die der Eigent\u00fcmer verwendet, angegeben werden.<\/p>\n<p><em>Legitimation<\/em><\/p>\n<p>In aller Regel erh\u00e4lt LENARD BCN, S.L. vor der Verarbeitung personenbezogener Daten die ausdr\u00fcckliche und unmissverst\u00e4ndliche Einverst\u00e4ndnis der Eigent\u00fcmer, indem Klauseln zur informierten Einverst\u00e4ndnis in die unterschiedlichen Informationserfassungssysteme aufgenommen werden.<\/p>\n<p>F\u00fcr den Fall, dass das Einverst\u00e4ndnis des Betroffenen nicht notwendig ist, gilt das Vorhandensein eines spezifischen Gesetzes oder einer Verordnung, durch die die Verarbeitung der Daten des Betroffenen erlaubt oder vorgeschrieben wird, als rechtskr\u00e4ftige Grundlage zur Verarbeitung, durch die sich LENARD BCN, S.L. sch\u00fctzt.<\/p>\n<p><em>Empf\u00e4nger<\/em><\/p>\n<p>LENARD BCN, S.L. tritt f\u00fcr gew\u00f6hnlich keine Daten an Dritte ab, es sei denn, dies ist gesetzlich vorgeschriebenen, allerdings werden diese Daten\u00fcbertragungen oder Benachrichtigungen im Bedarfsfall dem Betroffenen anhand der die in den unterschiedlichen Arten zur Erfassung personenbezogener Daten beinhalteten Klauseln des informierten Einverst\u00e4ndnisses mitgeteilt.<\/p>\n<p><em>Herkunft<\/em><\/p>\n<p>In aller Regel werden personenbezogene Daten immer direkt vom Betroffenen erfasst, dennoch k\u00f6nnen sie in manchen Ausnahmef\u00e4llen ebenfalls \u00fcber andere Dritte, Unternehmen oder Dienste, die nicht mit dem Betroffenen in Verbindung stehen, erfasst werden. In dieser Hinsicht wird dieser Punkt dem Betroffenen anhand der in den unterschiedlichen Arten der Informationserfassung beinhalteten Klauseln zum Einverst\u00e4ndnis innerhalb eines angebrachten Zeitraums, sobald die Daten erhalten wurden, sp\u00e4testens allerdings innerhalb eines Monats, mitgeteilt.<\/p>\n<p><em>Aufbewahrungszeitr\u00e4ume<\/em><\/p>\n<p>Die vom Betroffenen zusammengetragenen Informationen werden so lange wie n\u00f6tig gespeichert, um den Zweck zu erf\u00fcllen, f\u00fcr den die personenbezogenen Daten erfasst worden waren, sodass die Daten gel\u00f6scht werden, sobald der Zweck erf\u00fcllt worden ist. Diese L\u00f6schung ruft die Blockierung der Daten hervor und wird lediglich \u00f6ffentlichen Verwaltungseinrichtungen, Richtern und Gerichten bereitgestellt, um den eventuell aus der Verarbeitung entstehenden Verantwortlichkeiten gerecht zu werden, solange sie vorgeschrieben sind. Im Anschluss werden die Daten vernichtet.<\/p>\n<p>Zu Informationszwecken werden nachstehend die gesetzlichen Zeitr\u00e4ume f\u00fcr Speicherungen von Informationen hinsichtlich unterschiedlicher Themengebiete aufgelistet:<\/p>\n<table>\n<tbody>\n<tr>\n<td><strong>DOKUMENT<\/strong><\/td>\n<td><strong>ZEITRAUM<\/strong><\/td>\n<td><strong>REF. LEGAL<\/strong><\/td>\n<\/tr>\n<tr>\n<td>Arbeitsrelevante oder Sozialversicherungs-Dokumentation<\/td>\n<td>4 Jahre<\/td>\n<td>Artikel 21 des K\u00f6niglichen Gesetzesdekrets 5\/2000 vom 4. August, durch den der \u00fcberarbeitete Gesetzestext zu sozialen Verst\u00f6\u00dfen und Sanktionen genehmigt wird<\/td>\n<\/tr>\n<tr>\n<td>Buchhaltungs- und Steuerdokumente zu kommerziellen Zwecken<\/td>\n<td>6 Jahre<\/td>\n<td>Art. 30 Handelsgesetzbuch<\/td>\n<\/tr>\n<tr>\n<td>Buchhaltungs- und Steuerdokumente zu steuerlichen Zwecken<\/td>\n<td>4 Jahre<\/td>\n<td>Artikel 66 bis 70 Allgemeines Steuergesetz<\/td>\n<\/tr>\n<tr>\n<td>Zugangskontrolle zu Geb\u00e4uden<\/td>\n<td>1 Monat<\/td>\n<td>Anweisung 1\/1996 der AEPD<\/td>\n<\/tr>\n<tr>\n<td>Video\u00fcberwachung<\/td>\n<td>1 Monat<\/td>\n<td>Anweisung 1\/2006 der AEPD\u00a0Organgesetz 4\/1997<\/td>\n<\/tr>\n<\/tbody>\n<\/table>\n<p><strong>\u00a0<\/strong><\/p>\n<p><strong>Navigationsdaten.<\/strong><\/p>\n<p>Bez\u00fcglich der Navigationsdaten, die sich mittels der Website verarbeiten lassen, empfiehlt es sich, falls Daten erhoben werden, die unter die Richtlinie fallen, die auf unserer Website ver\u00f6ffentlichte Cookie-Richtlinie zu Rate zu ziehen.<\/p>\n<p><strong>Rechte der Betroffenen.<\/strong><\/p>\n<p>Die Datenschutzrichtlinie gew\u00e4hrt den Betroffenen oder Eigent\u00fcmern, Nutzern der Website oder der Profile von LENARD BCN, S.L. in den sozialen Netzwerken eine Reihe an Rechten.<\/p>\n<p>Die Rechte, durch die Betroffene unterst\u00fctzt werden, sind die Folgenden:<\/p>\n<ul>\n<li>Zugangsrecht: Recht darauf, Informationen zu erhalten, ob Ihre eigenen Daten verarbeitet werden, \u00fcber den Zweck der Verarbeitung, die Kategorien der verarbeiteten Daten, die Empf\u00e4nger oder Kategorien an Empf\u00e4ngern, den Zeitraum der Speicherung und die Herkunft der Daten.<\/li>\n<li>Recht auf Berichtigung: Recht, die Berichtigung ungenauer oder unvollst\u00e4ndiger personenbezogener Daten vornehmen zu lassen.<\/li>\n<li>Recht auf L\u00f6schung: Recht, die L\u00f6schung der Daten in den folgenden F\u00e4llen vornehmen zu lassen:\n<ul>\n<li>Sobald die Daten f\u00fcr den Zweck, f\u00fcr den sie erfasst worden waren, nicht mehr erforderlich sind<\/li>\n<li>Sobald der Eigent\u00fcmer derselben das Einverst\u00e4ndnis zur\u00fcckzieht<\/li>\n<li>Wenn sich der Betroffene gegen die Verarbeitung ausspricht<\/li>\n<li>Wenn sie zur Einhaltung einer gesetzlichen Verpflichtung gel\u00f6scht werden m\u00fcssen<\/li>\n<li>Wenn die Daten durch einen Dienst der Informationsgesellschaft entsprechend Artikel 8 Abs. 1 der Europ\u00e4ische Datenschutzverordnung erfasst worden sind.<\/li>\n<\/ul>\n<\/li>\n<li>Recht auf Widerspruch: Recht, sich einer bestimmten Verarbeitung auf Grundlage des Einverst\u00e4ndnisses des Betroffenen zu widersetzen.<\/li>\n<li>Recht auf Verj\u00e4hrung: Recht, die Verarbeitung von Daten in den folgenden F\u00e4llen zu beschr\u00e4nken:\n<ul>\n<li>Wenn der Betroffene die Genauigkeit der personenbezogenen Daten f\u00fcr einen bestimmten Zeitraum anfechtet, damit es dem Unternehmen m\u00f6glich ist, die Genauigkeit der Daten zu kontrollieren.<\/li>\n<li>Wenn die Verarbeitung unrechtm\u00e4\u00dfig ist und der Betroffene der L\u00f6schung der Daten widerspricht.<\/li>\n<li>Wenn das Unternehmen die Daten nicht l\u00e4nger f\u00fcr die Zwecke erfordert, f\u00fcr die sie erfasst worden waren, der Betroffene sie jedoch f\u00fcr die Formulierung, Aus\u00fcbung oder Verteidigung von Anspr\u00fcchen erfordert.<\/li>\n<li>Wenn der Betroffene sich gegen die Verarbeitung ausgesprochen hat, w\u00e4hrend kontrolliert wird, ob die rechtm\u00e4\u00dfigen Gr\u00fcnde des Unternehmens Vorrang vor denen des Betroffenen haben.<\/li>\n<\/ul>\n<\/li>\n<li>Recht auf Portabilit\u00e4t: Recht, Daten in einem strukturierten, g\u00e4ngigen und maschinenlesbaren Format zu bekommen und sie im Bedarfsfall an einen weiteren Verarbeitungsbeauftragten weiterzuleiten:\n<ul>\n<li>Die Verarbeitung beruht auf dem Einverst\u00e4ndnis<\/li>\n<li>Die Verarbeitung erfolgt durch automatisierte Mittel<\/li>\n<\/ul>\n<\/li>\n<li>Recht darauf, eine Beschwerde bei der zust\u00e4ndigen Aufsichtsbeh\u00f6rde einzureichen<\/li>\n<\/ul>\n<p>Die Betroffenen haben die M\u00f6glichkeit, die oben angegebenen Rechte aus\u00fcben, indem sie schriftlich LENARD BCN, S.L. unter der nachfolgenden Adresse kontaktieren: info@lenard.tech,, unter Angabe des Rechts in der Betreffzeile, das Sie aus\u00fcben m\u00f6chten.<\/p>\n<p>In dieser Hinsicht wird LENARD BCN, S.L. schnellstm\u00f6glich und unter Einhaltung der in den Datenschutzgesetzen vorgegebenen Fristen auf Ihre Anfrage eingehen.<\/p>\n<p><strong>Sicherheit<\/strong><\/p>\n<p>Die Sicherheitsma\u00dfnahmen, die von LENARD BCN, S.L. getroffenen werden, stimmen mit den Bestimmungen des Artikels 32 der DSGVO \u00fcberein. In dieser Hinsicht hat LENARD BCN, S.L. unter Beachtung des Stands der Technik, der Anwendungskosten sowie der Art, des Umfangs, des Kontextes und der Verarbeitungszwecke und der Risiken einer variablen Wahrscheinlichkeit und Schwere f\u00fcr die Rechte und Freiheiten nat\u00fcrlicher Personen die angemessenen technischen und organisatorischen Ma\u00dfnahmen ergriffen, um das angemessene Sicherheitsniveau f\u00fcr das vorhandene Risiko zuzusichern.<\/p>\n<p>Auf jeden Fall hat LENARD BCN, S.L. gen\u00fcgend Mechanismen implementiert, um:<\/p>\n<ol>\n<li>Vertraulichkeit, Integrit\u00e4t, Verf\u00fcgbarkeit und Resilienz von Verarbeitungssystemen und -diensten zu gew\u00e4hrleisten.<\/li>\n<li>Die Verf\u00fcgbarkeit und den Zugang zu personenbezogenen Daten schnell wieder herzustellen, falls es zu einem physischen oder technischen Vorfall kommt.<\/li>\n<li>Die Effizienz der implementierten technischen und organisatorischen Ma\u00dfnahmen zur Sicherstellung der Verarbeitungssicherheit in regelm\u00e4\u00dfigen Abst\u00e4nden zu kontrollieren, zu bewerten und zu messen.<\/li>\n<li>Unter Umst\u00e4nden personenbezogene Daten pseudonymisieren und verschl\u00fcsseln.<\/li>\n<\/ol>\n","protected":false},"excerpt":{"rendered":"<p>Einleitung Diese Datenschutzerkl\u00e4rung ist unter Beachtung der Bestimmungen des geltenden Organgesetzes zum Schutz personenbezogener Daten und der Verordnung 2016\/679 des Europ\u00e4ischen Parlaments und des Rates vom 27. April 2016 zum&#8230;<\/p>\n","protected":false},"author":1,"featured_media":0,"parent":0,"menu_order":0,"comment_status":"closed","ping_status":"open","template":"","meta":[],"_links":{"self":[{"href":"https:\/\/lenardknittedworkwear.com\/de\/wp-json\/wp\/v2\/pages\/999\/"}],"collection":[{"href":"https:\/\/lenardknittedworkwear.com\/de\/wp-json\/wp\/v2\/pages\/"}],"about":[{"href":"https:\/\/lenardknittedworkwear.com\/de\/wp-json\/wp\/v2\/types\/page\/"}],"author":[{"embeddable":true,"href":"https:\/\/lenardknittedworkwear.com\/de\/wp-json\/wp\/v2\/users\/1\/"}],"replies":[{"embeddable":true,"href":"https:\/\/lenardknittedworkwear.com\/de\/wp-json\/wp\/v2\/comments\/?post=999"}],"version-history":[{"count":1,"href":"https:\/\/lenardknittedworkwear.com\/de\/wp-json\/wp\/v2\/pages\/999\/revisions\/"}],"predecessor-version":[{"id":1010,"href":"https:\/\/lenardknittedworkwear.com\/de\/wp-json\/wp\/v2\/pages\/999\/revisions\/1010\/"}],"wp:attachment":[{"href":"https:\/\/lenardknittedworkwear.com\/de\/wp-json\/wp\/v2\/media\/?parent=999"}],"curies":[{"name":"wp","href":"https:\/\/api.w.org\/{rel}","templated":true}]}}