    {"id":983,"date":"2019-04-03T15:17:57","date_gmt":"2019-04-03T15:17:57","guid":{"rendered":"https:\/\/lenardknittedworkwear.com\/politica-de-cookies\/"},"modified":"2019-04-03T16:28:45","modified_gmt":"2019-04-03T16:28:45","slug":"cookie-richtlinie","status":"publish","type":"page","link":"https:\/\/lenardknittedworkwear.com\/de\/cookie-richtlinie\/","title":{"rendered":"Cookie-Richtlinie"},"content":{"rendered":"<h2>Was sind Cookies?<\/h2>\n<p>Ein Cookie ist eine Datei bzw. eine Vorrichtung, die auf das Endger\u00e4t eines Nutzers heruntergeladen wird, sodass Daten gespeichert werden, die sich durch die Einheit, die f\u00fcr die Installation verantwortlich ist, aktualisieren und aufrufen lassen. Das bedeutet, dass es sich um eine Datei handelt, die auf Ihren Computer heruntergeladen wird, sobald Sie bestimmte Websites aufrufen. Cookies erm\u00f6glichen es einer Website, unter anderem, Informationen bez\u00fcglich der Navigationsgewohnheiten eines Nutzers bzw. seines Computers zu speichern und aufzurufen und, je nach den Informationen und der Art, wie sein Computer verwendt wird, den Nutzer wiederzuerkennen.<\/p>\n<p>Ihre Hauptfunktionen sind:<\/p>\n<ul>\n<li>Die Kontrolle der Nutzer ausf\u00fchren: Sobald ein Nutzer seinen Benutzernamen und sein Passwort eingibt, wird ein Cookie gespeichert, damit er diese nicht auf jeder Seite des Servers eingeben braucht. Dennoch identifiziert ein Cookie nicht nur Personen, sondern eine Kombination aus Computer-Browser-Nutzer.<\/li>\n<li>Informationen von Werbeagenturen und weiteren Anbietern bez\u00fcglich der Navigationsgewohnheiten und Spyware-Versuchen (Spionageprogramme) des Nutzers erhalten. Dies k\u00f6nnte Problemen des Datenschutzes hervorrufen und ist einer der Gr\u00fcnde, warum es Gegner von Cookies gibt.<\/li>\n<\/ul>\n<p>&nbsp;<\/p>\n<p>Es gibt unterschiedliche Arten von Cookies, die insbesondere von ihrem Verwendungszweck abh\u00e4ngig sind und sich somit unter anderem folgenderma\u00dfen unterscheiden lassen:<\/p>\n<p>Analyse-Cookies: Diese Cookies werden eingesetzt, um eine Analyse der Verhaltensweisen sowie der Aktionen der Nutzer der Website auszuf\u00fchren und um Navigationsprofile zu erstellen, um eine technische Verbesserung des Betriebs und des Dienstes zu erreichen.<\/p>\n<p>Werbe-Cookies: erm\u00f6glichen eine wirksame Verwaltung von Werbefl\u00e4chen auf Grundlage einer Serie von Kriterien, beispielsweise, pr\u00fcfen, ob der Nutzer schon Zugang zu einer Nachricht hatte, um diese durch eine neue Nachricht zu aktualisieren.<\/p>\n<p>Werbe-Cookies auf Verhaltensbasis: Diese Cookies sorgen daf\u00fcr, dass Informationen bez\u00fcglich des eigenen Verhaltens der Nutzer gespeichert werden, indem sich auf deren Navigationsgewohnheiten fokussiert wird. Dies erm\u00f6glicht es, Benutzerprofile je nach Verhalten zu erstellen und diese zu benutzen, um die angebotene Werbung zu personalisieren.<\/p>\n<p>Falls der Nutzer weitere Informationen zu Cookies w\u00fcnscht, kann er die folgende Website aufrufen \u00a0<a href=\"http:\/\/www.aboutcookies.org\/\">http:\/\/www.aboutcookies.org\/<\/a>.<\/p>\n<h2>Welche Art von Cookies benutzt diese Website?<\/h2>\n<p>Diese Website verwendet Cookies, die es erm\u00f6glichen, den Nutzern die Anwendung und Navigation zu erleichtern, den Zugriff auf bestimmte Dienste zuzulassen sowie die funktionale Konfiguration der Website zu verbessern.<\/p>\n<p>Genauer gesagt verwendet diese Website vor allem die folgenden Cookies:<\/p>\n<p>&nbsp;<\/p>\n<table width=\"100%\">\n<tbody>\n<tr>\n<td colspan=\"4\" width=\"567\"><strong>Zusammenfassung der Cookies<\/strong><\/td>\n<\/tr>\n<tr>\n<td width=\"125\">Typ<\/td>\n<td width=\"139\">Name<\/td>\n<td width=\"158\">Sitzungs-\/Dauerhafte Cookies<\/td>\n<td width=\"144\">Eigene Cookies\/Cokies Dritter<\/td>\n<\/tr>\n<tr>\n<td width=\"125\">Analyse<\/td>\n<td width=\"139\">Google Analytics<\/td>\n<td width=\"158\">Sitzungs-Cookies<\/td>\n<td width=\"144\">Cookies Dritter<\/td>\n<\/tr>\n<\/tbody>\n<\/table>\n<p><strong>Wie l\u00e4sst sich die Konfiguration von Cookies verwalten?<\/strong><\/p>\n<p>In diesem Abschnitt wird eine kurze Beschreibung erteilt, wie das Cookie-System hinsichtlich der g\u00e4ngigsten oder von den Nutzern am meisten verwendeten Browser zu konsultieren und auszuf\u00fchren ist<\/p>\n<p>In dieser Hinsicht erm\u00f6glichen es tats\u00e4chlich s\u00e4mtliche Browser dem Nutzer, allgemeine Informationen bez\u00fcglich der installierten Cookies auf einer Website zu erhalten, vor allem um somit ihre Anwesenheit, ihre Laufzeit oder das L\u00f6schsystem zu pr\u00fcfen. In dieser Hinsicht werden eine Reihe von \u00e4hnlichen Links bereitgestellt:<\/p>\n<ul>\n<li><a href=\"https:\/\/support.google.com\/chrome\/answer\/95647?hl=es\">Google Chrome<\/a><\/li>\n<li><a href=\"https:\/\/support.mozilla.org\/es\/kb\/cookies-informacion-que-los-sitios-web-guardan-en-\">Mozilla Firefox<\/a><\/li>\n<li><a href=\"http:\/\/windows.microsoft.com\/es-es\/windows7\/how-to-manage-cookies-in-internet-explorer-9\">Internet Explorer<\/a><\/li>\n<\/ul>\n<p>Des Weiteren wird der Nutzer die auf seinem Computer installierten Cookies genehmigen, sperren oder l\u00f6schen k\u00f6nnen, indem die Konfiguration seines Browsers je nach den in ihm beinhalteten Anweisungen ge\u00e4ndert wird. Zu Informationszwecken wird f\u00fcr gew\u00f6hnlich auf die Konfiguration von Cookies, die ausgef\u00fchrt wird, im Men\u00fc &#8220;Einstellungen&#8221; oder &#8220;Extras&#8221; des entsprechenden Browsers hingewiesen, Sie k\u00f6nnen jederzeit die Hilfe Ihres Browsers nutzen, um Zweifel in dieser Hinsicht aufzul\u00f6sen oder auszur\u00e4umen.<\/p>\n<p>Es gilt zu ber\u00fccksichtigen, dass im Falle einer Ablehnung der Installation von Cookies Inhalte der Website und bestimmte Funktionalit\u00e4ten und Dienste der Website eingeschr\u00e4nkt werden k\u00f6nnten.<\/p>\n","protected":false},"excerpt":{"rendered":"<p>Was sind Cookies? Ein Cookie ist eine Datei bzw. eine Vorrichtung, die auf das Endger\u00e4t eines Nutzers heruntergeladen wird, sodass Daten gespeichert werden, die sich durch die Einheit, die f\u00fcr&#8230;<\/p>\n","protected":false},"author":1,"featured_media":0,"parent":0,"menu_order":0,"comment_status":"closed","ping_status":"open","template":"","meta":[],"_links":{"self":[{"href":"https:\/\/lenardknittedworkwear.com\/de\/wp-json\/wp\/v2\/pages\/983\/"}],"collection":[{"href":"https:\/\/lenardknittedworkwear.com\/de\/wp-json\/wp\/v2\/pages\/"}],"about":[{"href":"https:\/\/lenardknittedworkwear.com\/de\/wp-json\/wp\/v2\/types\/page\/"}],"author":[{"embeddable":true,"href":"https:\/\/lenardknittedworkwear.com\/de\/wp-json\/wp\/v2\/users\/1\/"}],"replies":[{"embeddable":true,"href":"https:\/\/lenardknittedworkwear.com\/de\/wp-json\/wp\/v2\/comments\/?post=983"}],"version-history":[{"count":2,"href":"https:\/\/lenardknittedworkwear.com\/de\/wp-json\/wp\/v2\/pages\/983\/revisions\/"}],"predecessor-version":[{"id":1019,"href":"https:\/\/lenardknittedworkwear.com\/de\/wp-json\/wp\/v2\/pages\/983\/revisions\/1019\/"}],"wp:attachment":[{"href":"https:\/\/lenardknittedworkwear.com\/de\/wp-json\/wp\/v2\/media\/?parent=983"}],"curies":[{"name":"wp","href":"https:\/\/api.w.org\/{rel}","templated":true}]}}