    {"id":1002,"date":"2019-04-03T15:50:37","date_gmt":"2019-04-03T15:50:37","guid":{"rendered":"https:\/\/lenardknittedworkwear.com\/aviso-legal\/"},"modified":"2019-04-03T16:00:49","modified_gmt":"2019-04-03T16:00:49","slug":"rechtlicher-hinweis","status":"publish","type":"page","link":"https:\/\/lenardknittedworkwear.com\/de\/rechtlicher-hinweis\/","title":{"rendered":"Rechtlicher Hinweis"},"content":{"rendered":"<h2><strong>Allgemeine Informationen<\/strong><\/h2>\n<p>Der Eigent\u00fcmer der Website WWW.LENARD.TECH ist LENARD BCN, S.L., mit Steuernummer B61223590 und Unternehmenssitz in Calle Avda. Arag\u00f3n, 37, 22520, FRAGA, (HUESCA). Das Unternehmen ist im Handelsregister unter folgenden Registrierungsdaten eingetragen: UNTERNEHMEN EINGETRAGEN IM HANDELSREGISTER VON HUESCA, BAND 648, BUCH 1, BLATT HU-13221.<\/p>\n<p>Um zu gew\u00e4hrleisten, dass die Nutzung der Website mit den Kriterien der Transparenz, Klarheit und Einfachheit \u00fcbereinstimmt, informiert LENARD BCN, S.L. den Nutzer, dass auf s\u00e4mtliche Hinweise, Zweifel oder Anfragen hinsichtlich dieses rechtlichen Hinweises oder weiterer Informationsdokumente auf der Website eingegangen wird, indem LENARD BCN, S.L. unter der folgenden Email-Adresse kontaktiert wird: tarragona@lenard.tech<\/p>\n<p>&nbsp;<\/p>\n<h2><strong>\u00a0Geistiges Eigentum<\/strong><\/h2>\n<p>S\u00e4mtliche auf dieser Website gezeigten Inhalte, vor allem Designs, Texte, Bilder, Logos, Symbole, Handelsnamen, Marken oder alle weiteren Informationen, die sich f\u00fcr gewerbliche und\/oder kommerzielle Nutzung eignen, werden durch das jeweilige Urheberrecht gesch\u00fctzt und es ist untersagt, ohne vorherige Einverst\u00e4ndnis des Eigent\u00fcmers, LENARD BCN, S.L., sie zu vervielf\u00e4ltigen, weiterzuleiten oder aufzuzeichnen. Dennoch kann der Nutzer die bereitgestellten Informationen zur Verwaltung seiner Bestellung sowie die jeweiligen Kontaktdaten benutzen.<\/p>\n<h2><strong>Links<\/strong><\/h2>\n<p>LENARD BCN, S.L. \u00fcbernimmt keine Haftung f\u00fcr die Links zu anderen Websites oder Internetseiten, die auf ihnen vorhanden sein k\u00f6nnen, da das Unternehmen keinerlei Kontrolle \u00fcber diese hat. Daher ruft der Nutzer die Inhalte unter seiner eigenen Verantwortung und unter den geltenden Nutzungsbedingungen auf.<\/p>\n","protected":false},"excerpt":{"rendered":"<p>Allgemeine Informationen Der Eigent\u00fcmer der Website WWW.LENARD.TECH ist LENARD BCN, S.L., mit Steuernummer B61223590 und Unternehmenssitz in Calle Avda. Arag\u00f3n, 37, 22520, FRAGA, (HUESCA). Das Unternehmen ist im Handelsregister unter&#8230;<\/p>\n","protected":false},"author":1,"featured_media":0,"parent":0,"menu_order":0,"comment_status":"closed","ping_status":"open","template":"","meta":[],"_links":{"self":[{"href":"https:\/\/lenardknittedworkwear.com\/de\/wp-json\/wp\/v2\/pages\/1002\/"}],"collection":[{"href":"https:\/\/lenardknittedworkwear.com\/de\/wp-json\/wp\/v2\/pages\/"}],"about":[{"href":"https:\/\/lenardknittedworkwear.com\/de\/wp-json\/wp\/v2\/types\/page\/"}],"author":[{"embeddable":true,"href":"https:\/\/lenardknittedworkwear.com\/de\/wp-json\/wp\/v2\/users\/1\/"}],"replies":[{"embeddable":true,"href":"https:\/\/lenardknittedworkwear.com\/de\/wp-json\/wp\/v2\/comments\/?post=1002"}],"version-history":[{"count":2,"href":"https:\/\/lenardknittedworkwear.com\/de\/wp-json\/wp\/v2\/pages\/1002\/revisions\/"}],"predecessor-version":[{"id":1006,"href":"https:\/\/lenardknittedworkwear.com\/de\/wp-json\/wp\/v2\/pages\/1002\/revisions\/1006\/"}],"wp:attachment":[{"href":"https:\/\/lenardknittedworkwear.com\/de\/wp-json\/wp\/v2\/media\/?parent=1002"}],"curies":[{"name":"wp","href":"https:\/\/api.w.org\/{rel}","templated":true}]}}